{"id":1624,"date":"2026-03-13T15:48:24","date_gmt":"2026-03-13T18:48:24","guid":{"rendered":"https:\/\/difusoranews.com\/novo\/?page_id=1624"},"modified":"2026-04-03T23:45:38","modified_gmt":"2026-04-04T02:45:38","slug":"programacao","status":"publish","type":"page","link":"https:\/\/difusoranews.com\/novo\/programacao\/","title":{"rendered":"Programa\u00e7\u00e3o"},"content":{"rendered":"\t\t<div data-elementor-type=\"wp-page\" data-elementor-id=\"1624\" class=\"elementor elementor-1624\" data-elementor-post-type=\"page\">\n\t\t\t\t<div class=\"elementor-element elementor-element-ffa6807 elementor-hidden-desktop elementor-hidden-tablet e-flex e-con-boxed e-con e-parent\" data-id=\"ffa6807\" data-element_type=\"container\" data-e-type=\"container\">\n\t\t\t\t\t<div class=\"e-con-inner\">\n\t\t<div class=\"elementor-element elementor-element-f1cb9d5 e-con-full e-flex e-con e-child\" data-id=\"f1cb9d5\" data-element_type=\"container\" data-e-type=\"container\">\n\t\t\t\t<div class=\"elementor-element elementor-element-695750d elementor-widget elementor-widget-hfe-breadcrumbs-widget\" data-id=\"695750d\" data-element_type=\"widget\" data-e-type=\"widget\" data-widget_type=\"hfe-breadcrumbs-widget.default\">\n\t\t\t\t<div class=\"elementor-widget-container\">\n\t\t\t\t\t<nav aria-label=\"Breadcrumb\"><ul class=\"hfe-breadcrumbs hfe-breadcrumbs-show-home\"><li class=\"hfe-breadcrumbs-item hfe-breadcrumbs-first\"><span class=\"hfe-breadcrumbs-home-icon\"><\/span><a href=\"https:\/\/difusoranews.com\/novo\"><span class=\"hfe-breadcrumbs-text\">Home<\/span><\/a><\/li><\/ul><\/nav>\t\t\t\t<\/div>\n\t\t\t\t<\/div>\n\t\t\t\t<div class=\"elementor-element elementor-element-44e9993 elementor-widget elementor-widget-heading\" data-id=\"44e9993\" data-element_type=\"widget\" data-e-type=\"widget\" data-widget_type=\"heading.default\">\n\t\t\t\t\t<h2 class=\"elementor-heading-title elementor-size-default\">Programa\u00e7\u00e3o <\/h2>\t\t\t\t<\/div>\n\t\t\t\t<div class=\"elementor-element elementor-element-e928355 elementor-widget elementor-widget-text-editor\" data-id=\"e928355\" data-element_type=\"widget\" data-e-type=\"widget\" data-widget_type=\"text-editor.default\">\n\t\t\t\t\t\t\t\t\t<p>Acompanhe de perto as edi\u00e7\u00f5es completas e os destaques da TV Difusora<\/p>\t\t\t\t\t\t\t\t<\/div>\n\t\t\t\t<\/div>\n\t\t\t\t\t<\/div>\n\t\t\t\t<\/div>\n\t\t<div class=\"elementor-element elementor-element-cc525e1 elementor-hidden-mobile e-flex e-con-boxed e-con e-parent\" data-id=\"cc525e1\" data-element_type=\"container\" data-e-type=\"container\">\n\t\t\t\t\t<div class=\"e-con-inner\">\n\t\t<div class=\"elementor-element elementor-element-5e9405c e-con-full e-flex e-con e-child\" data-id=\"5e9405c\" data-element_type=\"container\" data-e-type=\"container\">\n\t\t\t\t<div class=\"elementor-element elementor-element-8f75ec0 elementor-widget elementor-widget-hfe-breadcrumbs-widget\" data-id=\"8f75ec0\" data-element_type=\"widget\" data-e-type=\"widget\" data-widget_type=\"hfe-breadcrumbs-widget.default\">\n\t\t\t\t<div class=\"elementor-widget-container\">\n\t\t\t\t\t<nav aria-label=\"Breadcrumb\"><ul class=\"hfe-breadcrumbs hfe-breadcrumbs-show-home\"><li class=\"hfe-breadcrumbs-item hfe-breadcrumbs-first\"><span class=\"hfe-breadcrumbs-home-icon\"><\/span><a href=\"https:\/\/difusoranews.com\/novo\"><span class=\"hfe-breadcrumbs-text\">Home<\/span><\/a><\/li><\/ul><\/nav>\t\t\t\t<\/div>\n\t\t\t\t<\/div>\n\t\t\t\t<div class=\"elementor-element elementor-element-e71f434 elementor-widget elementor-widget-heading\" data-id=\"e71f434\" data-element_type=\"widget\" data-e-type=\"widget\" data-widget_type=\"heading.default\">\n\t\t\t\t\t<h2 class=\"elementor-heading-title elementor-size-default\">Programa\u00e7\u00e3o <\/h2>\t\t\t\t<\/div>\n\t\t\t\t<div class=\"elementor-element elementor-element-0ea138f elementor-widget elementor-widget-text-editor\" data-id=\"0ea138f\" data-element_type=\"widget\" data-e-type=\"widget\" data-widget_type=\"text-editor.default\">\n\t\t\t\t\t\t\t\t\t<p>Acompanhe de perto as edi\u00e7\u00f5es completas e os destaques da TV Difusora<\/p>\t\t\t\t\t\t\t\t<\/div>\n\t\t\t\t<\/div>\n\t\t\t\t\t<\/div>\n\t\t\t\t<\/div>\n\t\t<div class=\"elementor-element elementor-element-5d32270 e-flex e-con-boxed e-con e-parent\" data-id=\"5d32270\" data-element_type=\"container\" data-e-type=\"container\">\n\t\t\t\t\t<div class=\"e-con-inner\">\n\t\t<div class=\"elementor-element elementor-element-c004c29 e-con-full e-flex e-con e-child\" data-id=\"c004c29\" data-element_type=\"container\" data-e-type=\"container\">\n\t\t\t\t<div class=\"elementor-element elementor-element-67d4c64 elementor-widget elementor-widget-html\" data-id=\"67d4c64\" data-element_type=\"widget\" data-e-type=\"widget\" data-widget_type=\"html.default\">\n\t\t\t\t\t<div class=\"dv-program-tabs-wrap\">\r\n  <nav class=\"dv-program-tabs\" aria-label=\"Programas\">\r\n    <a href=\"#grade-completa\" class=\"is-active\">GRADE COMPLETA<\/a>\r\n    <a href=\"#bandeira-2\">BANDEIRA 2<\/a>\r\n    <a href=\"#bom-dia-maranhao\">BOM DIA MARANH\u00c3O<\/a>\r\n    <a href=\"#hora-d\">HORA D<\/a>\r\n    <a href=\"#ta-na-hora\">T\u00c1 NA HORA<\/a>\r\n    <a href=\"#em-alta\">EM ALTA<\/a>\r\n    <a href=\"#nossa-manha\">NOSSA MANH\u00c3<\/a>\r\n    <a href=\"#aventuras-douglas\">AVENTURAS COM O DOUGLAS<\/a>\r\n  <\/nav>\r\n<\/div>\r\n\r\n<div id=\"grade-completa\"><\/div>\r\n\r\n<section id=\"bandeira-2\" class=\"dv-yt-program-section\">\r\n  <div class=\"dv-yt-program-head\">\r\n    <div class=\"dv-yt-program-head-left\">\r\n      <h2>Bandeira 2<\/h2>\r\n      <span>SEGUNDA A SEXTA, 07H \u00c0S 09H<\/span>\r\n    <\/div>\r\n\r\n    <div class=\"dv-yt-program-head-logo\">\r\n      <img decoding=\"async\" src=\"https:\/\/difusoranews.com\/novo\/wp-content\/uploads\/2026\/03\/LOGO-B2-1.png\" alt=\"Bandeira 2\">\r\n    <\/div>\r\n  <\/div>\r\n\r\n  <div class=\"dv-yt-program-line\"><\/div>\r\n\r\n  <div class=\"dv-ao-vivo-yt\"\r\n       data-feed-url=\"\/novo\/wp-json\/difusora\/v1\/playlist-feed?playlist=PLOgMrMFMlgrxBVI7ZhWs-VoEw9Lb3t0vy&refresh=1\">\r\n    <div class=\"dv-yt-grid\">\r\n      <div class=\"dv-yt-main\">\r\n        <div class=\"dv-yt-player-wrap\">\r\n          <iframe\r\n            class=\"dv-yt-iframe\"\r\n            title=\"Bandeira 2\"\r\n            src=\"about:blank\"\r\n            allow=\"autoplay; encrypted-media; picture-in-picture\"\r\n            allowfullscreen>\r\n          <\/iframe>\r\n        <\/div>\r\n\r\n        <div class=\"dv-yt-main-meta\">\r\n          <h3 class=\"dv-yt-main-title\">Carregando...<\/h3>\r\n          <p class=\"dv-yt-main-sub\">Aguarde, buscando v\u00eddeos...<\/p>\r\n        <\/div>\r\n      <\/div>\r\n\r\n      <aside class=\"dv-yt-side\" aria-label=\"Mais v\u00eddeos\">\r\n        <ul class=\"dv-yt-list\" role=\"list\"><\/ul>\r\n      <\/aside>\r\n    <\/div>\r\n  <\/div>\r\n<\/section>\t\t\t\t<\/div>\n\t\t\t\t<div class=\"elementor-element elementor-element-de9b31d elementor-widget elementor-widget-html\" data-id=\"de9b31d\" data-element_type=\"widget\" data-e-type=\"widget\" data-widget_type=\"html.default\">\n\t\t\t\t\t<section id=\"bom-dia-maranhao\" class=\"dv-yt-program-section\">\r\n  <div class=\"dv-yt-program-head\">\r\n    <div class=\"dv-yt-program-head-left\">\r\n      <h2>Bom Dia Maranh\u00e3o<\/h2>\r\n      <span>SEGUNDA A SEXTA<\/span>\r\n    <\/div>\r\n    <div class=\"dv-yt-program-head-logo\">\r\n      <img decoding=\"async\" src=\"https:\/\/difusoranews.com\/novo\/wp-content\/uploads\/2026\/03\/LOGO-BOM-DIA-MARANHAo-1.png\" alt=\"Bom Dia Maranh\u00e3o\" style=\"max-height: 82px; width: auto;\"> \r\n    <\/div>\r\n  <\/div>\r\n\r\n  <div class=\"dv-yt-program-line\"><\/div>\r\n\r\n  <div class=\"dv-ao-vivo-yt\" data-feed-url=\"\/novo\/wp-json\/difusora\/v1\/playlist-feed?playlist=PLOgMrMFMlgrwSXiz5NvLjc214YeDeirCM&refresh=1\">\r\n    <div class=\"dv-yt-grid\">\r\n      <div class=\"dv-yt-main\">\r\n        <div class=\"dv-yt-player-wrap\">\r\n          <iframe\r\n            class=\"dv-yt-iframe\"\r\n            title=\"Bom Dia Maranh\u00e3o\"\r\n            src=\"about:blank\"\r\n            allowfullscreen>\r\n          <\/iframe>\r\n        <\/div>\r\n\r\n        <div class=\"dv-yt-main-meta\">\r\n          <h3 class=\"dv-yt-main-title\">Carregando...<\/h3>\r\n          <p class=\"dv-yt-main-sub\">Aguarde, buscando v\u00eddeos...<\/p>\r\n        <\/div>\r\n      <\/div>\r\n\r\n      <aside class=\"dv-yt-side\" aria-label=\"Mais v\u00eddeos\">\r\n        <ul class=\"dv-yt-list\" role=\"list\"><\/ul>\r\n      <\/aside>\r\n    <\/div>\r\n  <\/div>\r\n<\/div>\r\n<\/section>\t\t\t\t<\/div>\n\t\t\t\t<div class=\"elementor-element elementor-element-4729d43 elementor-widget elementor-widget-html\" data-id=\"4729d43\" data-element_type=\"widget\" data-e-type=\"widget\" data-widget_type=\"html.default\">\n\t\t\t\t\t<section id=\"hora-d\" class=\"dv-yt-program-section\">\r\n  <div class=\"dv-yt-program-head\">\r\n    <div class=\"dv-yt-program-head-left\">\r\n      <h2>Hora D<\/h2>\r\n      <span>SEGUNDA A SEXTA<\/span>\r\n    <\/div>\r\n\r\n    <div class=\"dv-yt-program-head-logo\">\r\n      <img decoding=\"async\" src=\"https:\/\/difusoranews.com\/novo\/wp-content\/uploads\/2026\/03\/LOGO-HORA-D-1.png\" alt=\"Hora D\">\r\n    <\/div>\r\n  <\/div>\r\n\r\n  <div class=\"dv-yt-program-line\"><\/div>\r\n\r\n  <div class=\"dv-ao-vivo-yt\" data-feed-url=\"\/novo\/wp-json\/difusora\/v1\/playlist-feed?playlist=PLOgMrMFMlgryhpgnOU0MLtDw6g1FHIdHN&refresh=1\">\r\n    <div class=\"dv-yt-grid\">\r\n      <div class=\"dv-yt-main\">\r\n        <div class=\"dv-yt-player-wrap\">\r\n          <iframe\r\n            class=\"dv-yt-iframe\"\r\n            title=\"Hora D\"\r\n            src=\"about:blank\"\r\n            allow=\"autoplay; encrypted-media; picture-in-picture\"\r\n            allowfullscreen>\r\n          <\/iframe>\r\n        <\/div>\r\n\r\n        <div class=\"dv-yt-main-meta\">\r\n          <h3 class=\"dv-yt-main-title\">Carregando...<\/h3>\r\n          <p class=\"dv-yt-main-sub\">Aguarde, buscando v\u00eddeos...<\/p>\r\n        <\/div>\r\n      <\/div>\r\n\r\n      <aside class=\"dv-yt-side\" aria-label=\"Mais v\u00eddeos\">\r\n        <ul class=\"dv-yt-list\" role=\"list\"><\/ul>\r\n      <\/aside>\r\n    <\/div>\r\n  <\/div>\r\n<\/section>\t\t\t\t<\/div>\n\t\t\t\t<div class=\"elementor-element elementor-element-eb76d17 elementor-widget elementor-widget-html\" data-id=\"eb76d17\" data-element_type=\"widget\" data-e-type=\"widget\" data-widget_type=\"html.default\">\n\t\t\t\t\t<section id=\"ta-na-hora\" class=\"dv-yt-program-section\">\r\n  <div class=\"dv-yt-program-head\">\r\n    <div class=\"dv-yt-program-head-left\">\r\n      <h2>T\u00e1 na Hora<\/h2>\r\n      <span>SEGUNDA A SEXTA<\/span>\r\n    <\/div>\r\n    <div class=\"dv-yt-program-head-logo\">\r\n      <img decoding=\"async\" src=\"https:\/\/difusoranews.com\/novo\/wp-content\/uploads\/2026\/03\/TA-NA-HORA-MARANHAO-1-1.png\" alt=\"T\u00e1 na Hora\">\r\n    <\/div>\r\n  <\/div>\r\n\r\n  <div class=\"dv-yt-program-line\"><\/div>\r\n\r\n  <div class=\"dv-ao-vivo-yt\" data-feed-url=\"\/novo\/wp-json\/difusora\/v1\/playlist-feed?playlist=PLOgMrMFMlgrxlmgc4arHwKEuY3iCqT_cq&refresh=1\">\r\n    <div class=\"dv-yt-grid\">\r\n      <div class=\"dv-yt-main\">\r\n        <div class=\"dv-yt-player-wrap\">\r\n          <iframe\r\n            class=\"dv-yt-iframe\"\r\n            title=\"T\u00e1 na Hora\"\r\n            src=\"about:blank\"\r\n            allowfullscreen>\r\n          <\/iframe>\r\n        <\/div>\r\n\r\n        <div class=\"dv-yt-main-meta\">\r\n          <h3 class=\"dv-yt-main-title\">Carregando...<\/h3>\r\n          <p class=\"dv-yt-main-sub\">Aguarde, buscando v\u00eddeos...<\/p>\r\n        <\/div>\r\n      <\/div>\r\n\r\n      <aside class=\"dv-yt-side\" aria-label=\"Mais v\u00eddeos\">\r\n        <ul class=\"dv-yt-list\" role=\"list\"><\/ul>\r\n      <\/aside>\r\n    <\/div>\r\n  <\/div>\r\n<\/div>\r\n<\/section>\t\t\t\t<\/div>\n\t\t\t\t<div class=\"elementor-element elementor-element-14baa1f elementor-widget elementor-widget-html\" data-id=\"14baa1f\" data-element_type=\"widget\" data-e-type=\"widget\" data-widget_type=\"html.default\">\n\t\t\t\t\t<section id=\"em-alta\" class=\"dv-yt-program-section\">\r\n  <div class=\"dv-yt-program-head\">\r\n    <div class=\"dv-yt-program-head-left\">\r\n      <h2>Em Alta<\/h2>\r\n      <span>PROGRAMA<\/span>\r\n    <\/div>\r\n\r\n    <div class=\"dv-yt-program-head-logo\">\r\n      <img decoding=\"async\" src=\"https:\/\/difusoranews.com\/novo\/wp-content\/uploads\/2026\/03\/LOGO-EM-ALTA-1.png\" alt=\"Em Alta\" style=\"max-height: 52px; width: auto;\">\r\n    <\/div>\r\n  <\/div>\r\n\r\n  <div class=\"dv-yt-program-line\"><\/div>\r\n\r\n  <div class=\"dv-ao-vivo-yt\" data-feed-url=\"\/novo\/wp-json\/difusora\/v1\/playlist-feed?playlist=PLOgMrMFMlgrw-IUOFQfSujzSI25t0S_og&refresh=1\">\r\n    <div class=\"dv-yt-grid\">\r\n      <div class=\"dv-yt-main\">\r\n        <div class=\"dv-yt-player-wrap\">\r\n          <iframe\r\n            class=\"dv-yt-iframe\"\r\n            title=\"Em Alta\"\r\n            src=\"about:blank\"\r\n            allowfullscreen>\r\n          <\/iframe>\r\n        <\/div>\r\n\r\n        <div class=\"dv-yt-main-meta\">\r\n          <h3 class=\"dv-yt-main-title\">Carregando...<\/h3>\r\n          <p class=\"dv-yt-main-sub\">Aguarde, buscando v\u00eddeos...<\/p>\r\n        <\/div>\r\n      <\/div>\r\n\r\n      <aside class=\"dv-yt-side\" aria-label=\"Mais v\u00eddeos\">\r\n        <ul class=\"dv-yt-list\" role=\"list\"><\/ul>\r\n      <\/aside>\r\n    <\/div>\r\n  <\/div>\r\n<\/section>\t\t\t\t<\/div>\n\t\t\t\t<div class=\"elementor-element elementor-element-67c7645 elementor-widget elementor-widget-html\" data-id=\"67c7645\" data-element_type=\"widget\" data-e-type=\"widget\" data-widget_type=\"html.default\">\n\t\t\t\t\t<section id=\"nossa-manha\" class=\"dv-yt-program-section\">\r\n  <div class=\"dv-yt-program-head\">\r\n    <div class=\"dv-yt-program-head-left\">\r\n      <h2>Nossa Manh\u00e3<\/h2>\r\n      <span>PROGRAMA<\/span>\r\n    <\/div> \r\n\r\n    <div class=\"dv-yt-program-head-logo\">\r\n      <img decoding=\"async\" src=\"https:\/\/difusoranews.com\/novo\/wp-content\/uploads\/2026\/03\/LOGO-NOSSA-MANHA-1.png\" alt=\"Nossa Manh\u00e3\">\r\n    <\/div>\r\n  <\/div>\r\n\r\n  <div class=\"dv-yt-program-line\"><\/div>\r\n\r\n  <div class=\"dv-ao-vivo-yt\" data-feed-url=\"\/novo\/wp-json\/difusora\/v1\/playlist-feed?playlist=PLOgMrMFMlgry5S2X_pIpbvgehu5VN1HhR&refresh=1\">\r\n    <div class=\"dv-yt-grid\">\r\n      <div class=\"dv-yt-main\">\r\n        <div class=\"dv-yt-player-wrap\">\r\n          <iframe\r\n            class=\"dv-yt-iframe\"\r\n            title=\"Nossa Manh\u00e3\"\r\n            src=\"about:blank\"\r\n            allow=\"autoplay; encrypted-media; picture-in-picture\"\r\n            allowfullscreen>\r\n          <\/iframe>\r\n        <\/div>\r\n\r\n        <div class=\"dv-yt-main-meta\">\r\n          <h3 class=\"dv-yt-main-title\">Carregando...<\/h3>\r\n          <p class=\"dv-yt-main-sub\">Aguarde, buscando v\u00eddeos...<\/p>\r\n        <\/div>\r\n      <\/div>\r\n\r\n      <aside class=\"dv-yt-side\" aria-label=\"Mais v\u00eddeos\">\r\n        <ul class=\"dv-yt-list\" role=\"list\"><\/ul>\r\n      <\/aside>\r\n    <\/div>\r\n  <\/div>\r\n<\/section>\t\t\t\t<\/div>\n\t\t\t\t<div class=\"elementor-element elementor-element-58a3685 elementor-widget elementor-widget-html\" data-id=\"58a3685\" data-element_type=\"widget\" data-e-type=\"widget\" data-widget_type=\"html.default\">\n\t\t\t\t\t<section id=\"aventuras-douglas\" class=\"dv-yt-program-section\">\r\n  <div class=\"dv-yt-program-head\">\r\n    <div class=\"dv-yt-program-head-left\">\r\n      <h2>Aventuras com o Douglas<\/h2>\r\n      <span>PROGRAMA<\/span>\r\n    <\/div>\r\n\r\n    <div class=\"dv-yt-program-head-logo\">\r\n      <img decoding=\"async\" src=\"https:\/\/difusoranews.com\/novo\/wp-content\/uploads\/2026\/03\/AVENTURAS-COM-DOUGLAS-1.png\" alt=\"Aventuras com o Douglas\">\r\n    <\/div>\r\n  <\/div>\r\n\r\n  <div class=\"dv-yt-program-line\"><\/div>\r\n\r\n  <div class=\"dv-ao-vivo-yt\" data-feed-url=\"\/novo\/wp-json\/difusora\/v1\/playlist-feed?playlist=PLOgMrMFMlgrxZ-m-0JbRyheashawQvX8w&refresh=1\">\r\n    <div class=\"dv-yt-grid\">\r\n      <div class=\"dv-yt-main\">\r\n        <div class=\"dv-yt-player-wrap\">\r\n          <iframe\r\n            class=\"dv-yt-iframe\"\r\n            title=\"Aventuras com o Douglas\"\r\n            src=\"about:blank\"\r\n            allow=\"autoplay; encrypted-media; picture-in-picture\"\r\n            allowfullscreen>\r\n          <\/iframe>\r\n        <\/div>\r\n\r\n        <div class=\"dv-yt-main-meta\">\r\n          <h3 class=\"dv-yt-main-title\">Carregando...<\/h3>\r\n          <p class=\"dv-yt-main-sub\">Aguarde, buscando v\u00eddeos...<\/p>\r\n        <\/div>\r\n      <\/div>\r\n\r\n      <aside class=\"dv-yt-side\" aria-label=\"Mais v\u00eddeos\">\r\n        <ul class=\"dv-yt-list\" role=\"list\"><\/ul>\r\n      <\/aside>\r\n    <\/div>\r\n  <\/div>\r\n<\/section>\t\t\t\t<\/div>\n\t\t\t\t<\/div>\n\t\t\t\t\t<\/div>\n\t\t\t\t<\/div>\n\t\t\t\t<\/div>\n\t\t","protected":false},"excerpt":{"rendered":"<p>Home Programa\u00e7\u00e3o Acompanhe de perto as edi\u00e7\u00f5es completas e os destaques da TV Difusora Home Programa\u00e7\u00e3o Acompanhe de perto as edi\u00e7\u00f5es completas e os destaques da TV Difusora GRADE COMPLETA [&hellip;]<\/p>\n","protected":false},"author":1,"featured_media":0,"parent":0,"menu_order":0,"comment_status":"closed","ping_status":"closed","template":"","meta":{"_acf_changed":false,"footnotes":""},"class_list":["post-1624","page","type-page","status-publish","hentry"],"acf":[],"_links":{"self":[{"href":"https:\/\/difusoranews.com\/novo\/wp-json\/wp\/v2\/pages\/1624","targetHints":{"allow":["GET"]}}],"collection":[{"href":"https:\/\/difusoranews.com\/novo\/wp-json\/wp\/v2\/pages"}],"about":[{"href":"https:\/\/difusoranews.com\/novo\/wp-json\/wp\/v2\/types\/page"}],"author":[{"embeddable":true,"href":"https:\/\/difusoranews.com\/novo\/wp-json\/wp\/v2\/users\/1"}],"replies":[{"embeddable":true,"href":"https:\/\/difusoranews.com\/novo\/wp-json\/wp\/v2\/comments?post=1624"}],"version-history":[{"count":91,"href":"https:\/\/difusoranews.com\/novo\/wp-json\/wp\/v2\/pages\/1624\/revisions"}],"predecessor-version":[{"id":529918,"href":"https:\/\/difusoranews.com\/novo\/wp-json\/wp\/v2\/pages\/1624\/revisions\/529918"}],"wp:attachment":[{"href":"https:\/\/difusoranews.com\/novo\/wp-json\/wp\/v2\/media?parent=1624"}],"curies":[{"name":"wp","href":"https:\/\/api.w.org\/{rel}","templated":true}]}}